{"id":9374,"date":"2026-03-09T16:06:30","date_gmt":"2026-03-09T16:06:30","guid":{"rendered":"https:\/\/charta-nekretnine.hr\/?post_type=product&#038;p=9374"},"modified":"2026-03-09T16:09:48","modified_gmt":"2026-03-09T16:09:48","slug":"mobilne-kucice-u-biogradu","status":"publish","type":"product","link":"https:\/\/charta-nekretnine.hr\/en\/product\/mobilne-kucice-u-biogradu\/","title":{"rendered":"Mobilne ku\u0107ice na parcelama u Biogradu"},"content":{"rendered":"","protected":false},"excerpt":{"rendered":"<h1>Mobilne ku\u0107ice na parcelama u Biogradu<\/h1>\n<p>Na ogra\u0111enom i osiguranom prostoru u Biogradu zapo\u010dinje projekt ure\u0111enja parcela za mobilne ku\u0107ice koje stavljamo u ponudu ve\u0107 za ljetnu sezonu &#8217;26.<\/p>\n<p>Kupnjom mobilne ku\u0107ice postajete vlasnicima turisti\u010dkog smje\u0161taja na moru. Kako \u0107ete upravljati njima, ostaje na vama.<\/p>\n<p>Mobilne ku\u0107ice mo\u017eete koristiti za svoj odmor i davati ih na kori\u0161tenje obitelji, prijateljima ili poslovnim partnerima.<\/p>\n<figure id=\"attachment_9377\" aria-describedby=\"caption-attachment-9377\" style=\"width: 360px\" class=\"wp-caption aligncenter\"><img fetchpriority=\"high\" decoding=\"async\" class=\"wp-image-9377\" src=\"https:\/\/charta-nekretnine.hr\/wp-content\/uploads\/2026\/03\/Mobilna-kucica.jpg\" alt=\"Mobilne ku\u0107ice na parcelama u Biogradu\" width=\"360\" height=\"360\" srcset=\"https:\/\/charta-nekretnine.hr\/wp-content\/uploads\/2026\/03\/Mobilna-kucica.jpg 540w, https:\/\/charta-nekretnine.hr\/wp-content\/uploads\/2026\/03\/Mobilna-kucica-12x12.jpg 12w, https:\/\/charta-nekretnine.hr\/wp-content\/uploads\/2026\/03\/Mobilna-kucica-300x300.jpg 300w, https:\/\/charta-nekretnine.hr\/wp-content\/uploads\/2026\/03\/Mobilna-kucica-100x100.jpg 100w\" sizes=\"(max-width: 360px) 100vw, 360px\" \/><figcaption id=\"caption-attachment-9377\" class=\"wp-caption-text\">Mobilne ku\u0107ice za vlastiti odmor ili za iznajmljivanje<\/figcaption><\/figure>\n<p>Sa druge strane, mobilne ku\u0107ice mo\u017eete pretvoriti u dodatni izvor prihoda. Kao \u0161to ve\u0107ina na\u0161ih klijenata to radi, nakon \u0161to urede mobilnu ku\u0107icu prema svojim preferencijama, oni je iznajmljuju kao turisti\u010dki smje\u0161taj na moru.<\/p>\n<h3>Lokacija parcela<\/h3>\n<p>Parcele se nalaze na ogra\u0111enom prostoru u Biogradu, udaljenom 500 metara od mora.<\/p>\n<p>Sama je lokacija idealna za one koji vole imati sve nadohvat ruke, budu\u0107i da se u blizini nalaze trgovine, a nedaleko je i ve\u0107i trgova\u010dki centar.<\/p>\n<figure id=\"attachment_9376\" aria-describedby=\"caption-attachment-9376\" style=\"width: 640px\" class=\"wp-caption aligncenter\"><img decoding=\"async\" class=\"wp-image-9376\" src=\"https:\/\/charta-nekretnine.hr\/wp-content\/uploads\/2026\/03\/Marina-Biograd.jpg\" alt=\"Marina Kornati Biograd\" width=\"640\" height=\"360\" srcset=\"https:\/\/charta-nekretnine.hr\/wp-content\/uploads\/2026\/03\/Marina-Biograd.jpg 960w, https:\/\/charta-nekretnine.hr\/wp-content\/uploads\/2026\/03\/Marina-Biograd-768x432.jpg 768w, https:\/\/charta-nekretnine.hr\/wp-content\/uploads\/2026\/03\/Marina-Biograd-18x10.jpg 18w, https:\/\/charta-nekretnine.hr\/wp-content\/uploads\/2026\/03\/Marina-Biograd-800x450.jpg 800w, https:\/\/charta-nekretnine.hr\/wp-content\/uploads\/2026\/03\/Marina-Biograd-600x338.jpg 600w\" sizes=\"(max-width: 640px) 100vw, 640px\" \/><figcaption id=\"caption-attachment-9376\" class=\"wp-caption-text\">Blizina marine prednost je lokacije i parcela u Biogradu<\/figcaption><\/figure>\n<p>Uz mobilnu ku\u0107icu su osigurana parkirna mjesta za \u010dak dva automobila, a blizina <a href=\"https:\/\/www.marinakornati.com\/o-marini\" target=\"_blank\" rel=\"noopener\">marine Kornati<\/a> u\u010dinit \u0107e ove mobilne ku\u0107ice privla\u010dnima svim gostima koji koriste vezove u marini.<\/p>\n<h2>Detalji ponude za mobilne ku\u0107ice na parcelama u Biogradu<\/h2>\n<ul>\n<li><strong>\u2022\u00a0<\/strong>cijena mobilne ku\u0107ice: 33.000 \u20ac plus pdv<\/li>\n<li><strong>\u2022\u00a0<\/strong>godi\u0161nji pau\u0161al: 5.900 \u20ac<\/li>\n<\/ul>\n<hr \/>\n<ul>\n<li><strong>\u2022<\/strong>\u00a0dimenzija mobilne ku\u0107ice u kampu: 8 x 3 m<\/li>\n<li><strong>\u2022<\/strong> terasa: natkrivena 8 x 3 m<\/li>\n<li><strong>\u2022\u00a0<\/strong>parkiranje: osigurano parking mjesto<\/li>\n<\/ul>\n<hr \/>\n<ul>\n<li><strong>\u2022\u00a0<\/strong>period rada: otvoreno cijele godine<\/li>\n<li><strong>\u2022\u00a0<\/strong>stanje mobilne ku\u0107ice: nova, potpuno opremljena i ure\u0111ena<\/li>\n<li><strong>\u2022\u00a0<\/strong>udaljenost od mora: 500 metara<\/li>\n<\/ul>\n<h2>Turisti\u010dko investicijski potencijal ulaganja u mobilne ku\u0107ice<\/h2>\n<p>Namjena mobilnih ku\u0107ica prvenstveno je daljnje iznajmljivanje. Ugovor o zakupu parcele na koju dolazi nova mobilna ku\u0107ica potpisuje se na 10 godina \u2013 uz mogu\u0107nost produljenja.<\/p>\n<p>Kroz investicijski period od 10 godina, od najma mobilne ku\u0107ice na parcelama u Biogradu se o\u010dekuje povrat ulaganja kroz 4 do 6 godina, a preostali period do isteka ugovora od 10 godina, razdoblje je ostvarenja \u010distog prihoda.*<\/p>\n<p>Prema dosada\u0161njem iskustvu na\u0161ih klijenata, ovaj oblik ulaganja idealan je ako vam je cilj o\u010duvati vrijednost svojih, ve\u0107 postoje\u0107ih financijskih sredstava. Odnosno, ako ne \u017eelite da vam sredstva propadaju uslijed inflacije i drugih negativnih trendova.<\/p>\n<p>Procjena godi\u0161njeg prihoda od najma mobilne ku\u0107ice na parcelama u Biogradu: <strong>15.000 \u2013 20.000 \u20ac<\/strong><\/p>\n<p>Kako bi lak\u0161e donijeli odluku za vas smo pripremili\u00a0<strong><a href=\"https:\/\/charta-nekretnine.hr\/en\/2024\/12\/09\/vodic-za-ulaganje-u-mobilne-kucice\/\" target=\"_blank\" rel=\"noopener\">opse\u017ean vodi\u010d o ulaganju u mobilne ku\u0107ice<\/a><\/strong>.<\/p>\n<figure id=\"attachment_9378\" aria-describedby=\"caption-attachment-9378\" style=\"width: 360px\" class=\"wp-caption aligncenter\"><a href=\"https:\/\/charta-nekretnine.hr\/en\/2024\/12\/09\/vodic-za-ulaganje-u-mobilne-kucice\/\" target=\"_blank\" rel=\"noopener\"><img decoding=\"async\" class=\"wp-image-9378\" src=\"https:\/\/charta-nekretnine.hr\/wp-content\/uploads\/2026\/03\/Vodic-BLOG.jpg\" alt=\"Charta vodi\u010d za ulaganje u mobilne ku\u0107ice\" width=\"360\" height=\"360\" srcset=\"https:\/\/charta-nekretnine.hr\/wp-content\/uploads\/2026\/03\/Vodic-BLOG.jpg 540w, https:\/\/charta-nekretnine.hr\/wp-content\/uploads\/2026\/03\/Vodic-BLOG-12x12.jpg 12w, https:\/\/charta-nekretnine.hr\/wp-content\/uploads\/2026\/03\/Vodic-BLOG-300x300.jpg 300w, https:\/\/charta-nekretnine.hr\/wp-content\/uploads\/2026\/03\/Vodic-BLOG-100x100.jpg 100w\" sizes=\"(max-width: 360px) 100vw, 360px\" \/><\/a><figcaption id=\"caption-attachment-9378\" class=\"wp-caption-text\">Isplativost investicije u mobilne ku\u0107ice i mno\u0161tvo savjeta donosimo vam u Charta blogu<\/figcaption><\/figure>\n<p>Vlasnici nove mobilne ku\u0107ice mogu tako\u0111er odabrati mje\u0161oviti model upotrebe mobilne ku\u0107ice u kampovima.<\/p>\n<p>Ovime se odlu\u010duju iznajmiti ku\u0107icu koliko je dovoljno da se pokriju osnovni godi\u0161nji tro\u0161kovi, a ostatak vremena koriste ju za vlastite potrebe. Malo za sebe, malo za rodbinu i prijatelje, ovaj model otvara mogu\u0107nost da u\u017eivate u svom smje\u0161taju uz more kad to vama odgovara.<\/p>\n<p>Du\u017eni smo napomenuti da se kupnjom mobilne ku\u0107ice u kampovima, ona ne\u0107e iznajmljivati sama od sebe. Iako upravljanje ku\u0107icom nije intezivan i zahtjevan postupak, od vlasnika ku\u0107ica za odmor se o\u010dekuje odre\u0111eni anga\u017eman.<\/p>\n<p>*procjena prihoda od najma utvr\u0111ena je prema pokazateljima u prethodne 3 godine za smje\u0161taj u mobilnim ku\u0107icama na bliskim lokacijama.<\/p>\n<h2>Opremljenost mobilne ku\u0107ice u View kampu<\/h2>\n<p>Potpuna\u00a0<strong>opremljenost ku\u0107anskim ure\u0111ajima<\/strong>\u00a0zna\u010di da mo\u017eete ra\u010dunati na kuhinju sa perilicom posu\u0111a, velikim hladnjakom sa ledenicom te staklokerami\u010dkom plo\u010dom za kuhanje.<\/p>\n<p>Elementi za pohranu pribora za jelo i malih kuhinjskih ure\u0111aja dovoljno su veliki za potrebe va\u0161ih gostiju \u2013 od parova do cijelih obitelji.<\/p>\n<figure id=\"attachment_9105\" class=\"wp-caption aligncenter\" aria-describedby=\"caption-attachment-9105\"><img loading=\"lazy\" decoding=\"async\" class=\"aligncenter wp-image-9105\" src=\"https:\/\/charta-nekretnine.hr\/wp-content\/uploads\/2025\/06\/Tlocrt.jpg\" alt=\"Tlocrt mobilne ku\u0107ice u view kampu\" width=\"607\" height=\"360\" srcset=\"https:\/\/charta-nekretnine.hr\/wp-content\/uploads\/2025\/06\/Tlocrt.jpg 910w, https:\/\/charta-nekretnine.hr\/wp-content\/uploads\/2025\/06\/Tlocrt-768x456.jpg 768w, https:\/\/charta-nekretnine.hr\/wp-content\/uploads\/2025\/06\/Tlocrt-18x12.jpg 18w, https:\/\/charta-nekretnine.hr\/wp-content\/uploads\/2025\/06\/Tlocrt-600x356.jpg 600w\" sizes=\"(max-width: 607px) 100vw, 607px\" \/><figcaption id=\"caption-attachment-9105\" class=\"wp-caption-text\">Prikaz interijera mobilne ku\u0107ice u View kampu<\/figcaption><\/figure>\n<p>Na raspolaganju vam je odabir interijera sa 2 kupaonice, a spava\u0107e sobe mo\u017eete opremiti krevetima na kat, odvojenim krevetima ili velikim krevetom za dvije osobe.<\/p>\n<p>Moderno ure\u0111ene, ove mobilne ku\u0107ice sa pogledom na more opremljene su svim potrebnim ure\u0111ajima za ugodan boravak i odmor bez naprezanja.<\/p>\n<p><strong>Kuhinja<\/strong>\u00a0ima veliki fri\u017eider, perilicu za pranje su\u0111a, plo\u010du za kuhanje i dovoljno prostora za odlaganje kuhinjskog pribora i manjih ure\u0111aja.<\/p>\n<p>Savjetujemo da svojim gostima pru\u017eite dodatan komfor nabavkom mikrovalne i aparata za kavu.<\/p>\n<p><strong>Kupaonica<\/strong>\u00a0je pravo \u010dudo rasporeda elemenata i galanterije. Svaki kvadratni centimetar iskori\u0161ten je da omogu\u0107i nesmetano kretanje vi\u0161e osoba istovremeno.<\/p>\n<p><strong>Dnevni boravak<\/strong>\u00a0opremljen je kau\u010dem na razvla\u010denje \u0161to mo\u017ee obradovati privremene goste, smart TV-om i klima ure\u0111ajem.<\/p>\n<figure id=\"attachment_9039\" class=\"wp-caption aligncenter\" aria-describedby=\"caption-attachment-9039\">\n<figure id=\"attachment_9375\" aria-describedby=\"caption-attachment-9375\" style=\"width: 360px\" class=\"wp-caption aligncenter\"><img loading=\"lazy\" decoding=\"async\" class=\"wp-image-9375\" src=\"https:\/\/charta-nekretnine.hr\/wp-content\/uploads\/2026\/03\/Kucica.jpg\" alt=\"Mobilna ku\u0107ica Charta\" width=\"360\" height=\"360\" srcset=\"https:\/\/charta-nekretnine.hr\/wp-content\/uploads\/2026\/03\/Kucica.jpg 540w, https:\/\/charta-nekretnine.hr\/wp-content\/uploads\/2026\/03\/Kucica-12x12.jpg 12w, https:\/\/charta-nekretnine.hr\/wp-content\/uploads\/2026\/03\/Kucica-300x300.jpg 300w, https:\/\/charta-nekretnine.hr\/wp-content\/uploads\/2026\/03\/Kucica-100x100.jpg 100w\" sizes=\"(max-width: 360px) 100vw, 360px\" \/><figcaption id=\"caption-attachment-9375\" class=\"wp-caption-text\">Ku\u0107ica sa terasom i ure\u0161enom oku\u0107nicom<\/figcaption><\/figure>\n<\/figure>\n<p><strong>Terasa<\/strong>\u00a0je mjesto okupljanja svih posjetitelja i prostor za unapre\u0111enje usluge smje\u0161taja. Uz vanjsku garnituru za opu\u0161tanje uz lagani vjetri\u0107, na terasu se mo\u017ee postaviti vanjska kuhinja te el. gril.<\/p>\n<figure id=\"attachment_9379\" aria-describedby=\"caption-attachment-9379\" style=\"width: 540px\" class=\"wp-caption aligncenter\"><img loading=\"lazy\" decoding=\"async\" class=\"wp-image-9379\" src=\"https:\/\/charta-nekretnine.hr\/wp-content\/uploads\/2026\/03\/Terasa.jpg\" alt=\"Terasa mobile ku\u0107ice\" width=\"540\" height=\"360\" srcset=\"https:\/\/charta-nekretnine.hr\/wp-content\/uploads\/2026\/03\/Terasa.jpg 810w, https:\/\/charta-nekretnine.hr\/wp-content\/uploads\/2026\/03\/Terasa-768x512.jpg 768w, https:\/\/charta-nekretnine.hr\/wp-content\/uploads\/2026\/03\/Terasa-18x12.jpg 18w, https:\/\/charta-nekretnine.hr\/wp-content\/uploads\/2026\/03\/Terasa-600x400.jpg 600w\" sizes=\"(max-width: 540px) 100vw, 540px\" \/><figcaption id=\"caption-attachment-9379\" class=\"wp-caption-text\">Na ure\u0111enoj terasi \u0107e va\u0161i gosti provesti najvi\u0161e vremena<\/figcaption><\/figure>\n<p>Pru\u017eite svojim gostima iskustvo zajedni\u010dkih obroka na svje\u017eem zraku i rashla\u0111ene prostorije unutar mobilne ku\u0107ice.<\/p>\n<h3>\u010cesta pitanja i odgovori vezani uz ulaganje u mobilne ku\u0107ice<\/h3>\n<div class=\"x11i5rnm xat24cr x1mh8g0r x1vvkbs xtlvy1s x126k92a\">\n<p dir=\"auto\">Zanima li vas investicija u projekt \u201cMobilne ku\u0107ice na parcelama u Biogradu\u201d u neposrednoj blizini mora, sigurno \u017eelite znati odgovore na sljede\u0107a pitanja:<\/p>\n<\/div>\n<div class=\"x11i5rnm xat24cr x1mh8g0r x1vvkbs xtlvy1s x126k92a\">\n<div dir=\"auto\"><span class=\"x3nfvp2 x1j61x8r x1fcty0u xdj266r xhhsvwb xat24cr xgzva0m xxymvpz xlup9mm x1kky2od\"><img loading=\"lazy\" decoding=\"async\" class=\"xz74otr\" src=\"https:\/\/static.xx.fbcdn.net\/images\/emoji.php\/v9\/t72\/3\/16\/1f518.png\" alt=\"\ud83d\udd18\" width=\"16\" height=\"16\" \/><\/span>\u00a0\u0160to je pau\u0161al ?<\/div>\n<div dir=\"auto\"><span class=\"x3nfvp2 x1j61x8r x1fcty0u xdj266r xhhsvwb xat24cr xgzva0m xxymvpz xlup9mm x1kky2od\"><img loading=\"lazy\" decoding=\"async\" class=\"xz74otr\" src=\"https:\/\/static.xx.fbcdn.net\/images\/emoji.php\/v9\/t8f\/3\/16\/2611.png\" alt=\"\u2611\ufe0f\" width=\"16\" height=\"16\" \/><\/span> Godi\u0161nja naknada za kori\u0161tenje parcele koja se pla\u0107a vlasniku zemlji\u0161ta<\/div>\n<\/div>\n<div class=\"x11i5rnm xat24cr x1mh8g0r x1vvkbs xtlvy1s x126k92a\">\n<div dir=\"auto\">\n<hr \/>\n<\/div>\n<\/div>\n<div class=\"x11i5rnm xat24cr x1mh8g0r x1vvkbs xtlvy1s x126k92a\">\n<div dir=\"auto\"><span class=\"x3nfvp2 x1j61x8r x1fcty0u xdj266r xhhsvwb xat24cr xgzva0m xxymvpz xlup9mm x1kky2od\"><img loading=\"lazy\" decoding=\"async\" class=\"xz74otr\" src=\"https:\/\/static.xx.fbcdn.net\/images\/emoji.php\/v9\/t72\/3\/16\/1f518.png\" alt=\"\ud83d\udd18\" width=\"16\" height=\"16\" \/><\/span>\u00a0Za koliko mogu vratiti ulo\u017eeno ?<\/div>\n<div dir=\"auto\"><span class=\"x3nfvp2 x1j61x8r x1fcty0u xdj266r xhhsvwb xat24cr xgzva0m xxymvpz xlup9mm x1kky2od\"><img loading=\"lazy\" decoding=\"async\" class=\"xz74otr\" src=\"https:\/\/static.xx.fbcdn.net\/images\/emoji.php\/v9\/t8f\/3\/16\/2611.png\" alt=\"\u2611\ufe0f\" width=\"16\" height=\"16\" \/><\/span>\u00a0O\u010dekivani povrat investicije je 4 do 6 godina<\/div>\n<\/div>\n<div class=\"x11i5rnm xat24cr x1mh8g0r x1vvkbs xtlvy1s x126k92a\">\n<div dir=\"auto\">\n<hr \/>\n<\/div>\n<div dir=\"auto\"><span class=\"x3nfvp2 x1j61x8r x1fcty0u xdj266r xhhsvwb xat24cr xgzva0m xxymvpz xlup9mm x1kky2od\"><img loading=\"lazy\" decoding=\"async\" class=\"xz74otr\" src=\"https:\/\/static.xx.fbcdn.net\/images\/emoji.php\/v9\/t72\/3\/16\/1f518.png\" alt=\"\ud83d\udd18\" width=\"16\" height=\"16\" \/><\/span>\u00a0Mogu li boraviti u mobilnoj ku\u0107ici ?<\/div>\n<div dir=\"auto\"><span class=\"x3nfvp2 x1j61x8r x1fcty0u xdj266r xhhsvwb xat24cr xgzva0m xxymvpz xlup9mm x1kky2od\"><img loading=\"lazy\" decoding=\"async\" class=\"xz74otr\" src=\"https:\/\/static.xx.fbcdn.net\/images\/emoji.php\/v9\/t8f\/3\/16\/2611.png\" alt=\"\u2611\ufe0f\" width=\"16\" height=\"16\" \/><\/span>\u00a0Naravno, mo\u017eete kombinirati najam ku\u0107ice, boraviti u njoj ili pozvati prijatelje i rodbinu da odsjednu u njoj<\/div>\n<\/div>\n<div class=\"x11i5rnm xat24cr x1mh8g0r x1vvkbs xtlvy1s x126k92a\">\n<div dir=\"auto\">\n<hr \/>\n<\/div>\n<div dir=\"auto\"><span class=\"x3nfvp2 x1j61x8r x1fcty0u xdj266r xhhsvwb xat24cr xgzva0m xxymvpz xlup9mm x1kky2od\"><img loading=\"lazy\" decoding=\"async\" class=\"xz74otr\" src=\"https:\/\/static.xx.fbcdn.net\/images\/emoji.php\/v9\/t72\/3\/16\/1f518.png\" alt=\"\ud83d\udd18\" width=\"16\" height=\"16\" \/><\/span>\u00a0\u010cije su vlasni\u0161tvo ove mobilne ku\u0107ice ?<\/div>\n<div dir=\"auto\"><span class=\"x3nfvp2 x1j61x8r x1fcty0u xdj266r xhhsvwb xat24cr xgzva0m xxymvpz xlup9mm x1kky2od\"><img loading=\"lazy\" decoding=\"async\" class=\"xz74otr\" src=\"https:\/\/static.xx.fbcdn.net\/images\/emoji.php\/v9\/t8f\/3\/16\/2611.png\" alt=\"\u2611\ufe0f\" width=\"16\" height=\"16\" \/><\/span>\u00a0Va\u0161e! Velika je prednost ovog na\u010dina investiranja \u0161to ku\u0107icu mo\u017eete prodati i time jo\u0161 pove\u0107ati svoju dobit.<\/div>\n<\/div>\n<div class=\"x11i5rnm xat24cr x1mh8g0r x1vvkbs xtlvy1s x126k92a\">\n<div dir=\"auto\">\n<hr \/>\n<\/div>\n<div dir=\"auto\"><span class=\"x3nfvp2 x1j61x8r x1fcty0u xdj266r xhhsvwb xat24cr xgzva0m xxymvpz xlup9mm x1kky2od\"><img loading=\"lazy\" decoding=\"async\" class=\"xz74otr\" src=\"https:\/\/static.xx.fbcdn.net\/images\/emoji.php\/v9\/t72\/3\/16\/1f518.png\" alt=\"\ud83d\udd18\" width=\"16\" height=\"16\" \/><\/span>\u00a0Da li je i parcela u kampu moja ?<\/div>\n<div dir=\"auto\"><span class=\"x3nfvp2 x1j61x8r x1fcty0u xdj266r xhhsvwb xat24cr xgzva0m xxymvpz xlup9mm x1kky2od\"><img loading=\"lazy\" decoding=\"async\" class=\"xz74otr\" src=\"https:\/\/static.xx.fbcdn.net\/images\/emoji.php\/v9\/t8f\/3\/16\/2611.png\" alt=\"\u2611\ufe0f\" width=\"16\" height=\"16\" \/><\/span>\u00a0Ne! Zemlji\u0161te kampa privatno je vlasni\u0161tvo koje se daje u zakup na odre\u0111eni broj godina.<\/div>\n<\/div>\n<div class=\"x11i5rnm xat24cr x1mh8g0r x1vvkbs xtlvy1s x126k92a\">\n<div dir=\"auto\">\n<hr \/>\n<\/div>\n<div dir=\"auto\"><span class=\"x3nfvp2 x1j61x8r x1fcty0u xdj266r xhhsvwb xat24cr xgzva0m xxymvpz xlup9mm x1kky2od\"><img loading=\"lazy\" decoding=\"async\" class=\"xz74otr\" src=\"https:\/\/static.xx.fbcdn.net\/images\/emoji.php\/v9\/t72\/3\/16\/1f518.png\" alt=\"\ud83d\udd18\" width=\"16\" height=\"16\" \/><\/span> Isplati li se ulagati u mobilne ku\u0107ice na parcelama u Biogradu?<\/div>\n<div dir=\"auto\">\n<p><span class=\"x3nfvp2 x1j61x8r x1fcty0u xdj266r xhhsvwb xat24cr xgzva0m xxymvpz xlup9mm x1kky2od\"><img loading=\"lazy\" decoding=\"async\" class=\"xz74otr\" src=\"https:\/\/static.xx.fbcdn.net\/images\/emoji.php\/v9\/t8f\/3\/16\/2611.png\" alt=\"\u2611\ufe0f\" width=\"16\" height=\"16\" \/><\/span>\u00a0Nazovite nas i saznajte detalje na\u0161e ponude!<\/p>\n<\/div>\n<\/div>\n<p dir=\"auto\">Za sve detalje i informacije o projektu \u201cMobilne ku\u0107ice na parcelama u Biogradu\u201d i ulaganju u turisti\u010dko iznajmljivanje, na raspolaganju smo vam na:<\/p>\n<div class=\"x11i5rnm xat24cr x1mh8g0r x1vvkbs xtlvy1s x126k92a\">\n<div dir=\"auto\">+385 (0)91 900 1525<br \/>\n+385 (0)99 366 4412<br \/>\n+385 (0)99 738 5893<br \/>\n+385 (0)95 724 2285<\/div>\n<div dir=\"auto\">info@charta-nekretnine.hr<\/div>\n<\/div>","protected":false},"featured_media":9380,"template":"","meta":{"_acf_changed":false,"ocean_post_layout":"","ocean_both_sidebars_style":"","ocean_both_sidebars_content_width":0,"ocean_both_sidebars_sidebars_width":0,"ocean_sidebar":"","ocean_second_sidebar":"","ocean_disable_margins":"enable","ocean_add_body_class":"","ocean_shortcode_before_top_bar":"","ocean_shortcode_after_top_bar":"","ocean_shortcode_before_header":"","ocean_shortcode_after_header":"","ocean_has_shortcode":"","ocean_shortcode_after_title":"","ocean_shortcode_before_footer_widgets":"","ocean_shortcode_after_footer_widgets":"","ocean_shortcode_before_footer_bottom":"","ocean_shortcode_after_footer_bottom":"","ocean_display_top_bar":"default","ocean_display_header":"default","ocean_header_style":"","ocean_center_header_left_menu":"","ocean_custom_header_template":"","ocean_custom_logo":0,"ocean_custom_retina_logo":0,"ocean_custom_logo_max_width":0,"ocean_custom_logo_tablet_max_width":0,"ocean_custom_logo_mobile_max_width":0,"ocean_custom_logo_max_height":0,"ocean_custom_logo_tablet_max_height":0,"ocean_custom_logo_mobile_max_height":0,"ocean_header_custom_menu":"","ocean_menu_typo_font_family":"","ocean_menu_typo_font_subset":"","ocean_menu_typo_font_size":0,"ocean_menu_typo_font_size_tablet":0,"ocean_menu_typo_font_size_mobile":0,"ocean_menu_typo_font_size_unit":"px","ocean_menu_typo_font_weight":"","ocean_menu_typo_font_weight_tablet":"","ocean_menu_typo_font_weight_mobile":"","ocean_menu_typo_transform":"","ocean_menu_typo_transform_tablet":"","ocean_menu_typo_transform_mobile":"","ocean_menu_typo_line_height":0,"ocean_menu_typo_line_height_tablet":0,"ocean_menu_typo_line_height_mobile":0,"ocean_menu_typo_line_height_unit":"","ocean_menu_typo_spacing":0,"ocean_menu_typo_spacing_tablet":0,"ocean_menu_typo_spacing_mobile":0,"ocean_menu_typo_spacing_unit":"","ocean_menu_link_color":"","ocean_menu_link_color_hover":"","ocean_menu_link_color_active":"","ocean_menu_link_background":"","ocean_menu_link_hover_background":"","ocean_menu_link_active_background":"","ocean_menu_social_links_bg":"","ocean_menu_social_hover_links_bg":"","ocean_menu_social_links_color":"","ocean_menu_social_hover_links_color":"","ocean_disable_title":"default","ocean_disable_heading":"default","ocean_post_title":"","ocean_post_subheading":"","ocean_post_title_style":"","ocean_post_title_background_color":"","ocean_post_title_background":0,"ocean_post_title_bg_image_position":"","ocean_post_title_bg_image_attachment":"","ocean_post_title_bg_image_repeat":"","ocean_post_title_bg_image_size":"","ocean_post_title_height":0,"ocean_post_title_bg_overlay":0.5,"ocean_post_title_bg_overlay_color":"","ocean_disable_breadcrumbs":"default","ocean_breadcrumbs_color":"","ocean_breadcrumbs_separator_color":"","ocean_breadcrumbs_links_color":"","ocean_breadcrumbs_links_hover_color":"","ocean_display_footer_widgets":"default","ocean_display_footer_bottom":"default","ocean_custom_footer_template":""},"product_brand":[],"product_cat":[265],"product_tag":[247,272],"class_list":{"0":"post-9374","1":"product","2":"type-product","3":"status-publish","4":"has-post-thumbnail","6":"product_cat-mobilne-kucice","7":"product_tag-prodaja","8":"product_tag-prodaja-mobilnih-kucica","9":"pa_broj-kupaonica-60","10":"pa_broj-spavacih-soba-52","11":"pa_cijena-33-000-plus-pdv","12":"pa_kvadratura-24-24-terasa","13":"pa_mjesto-biograd","14":"pa_stanje-objekta-nove-mobilne-kucice","15":"pa_vrsta-objave-prodaja","17":"entry","18":"has-media","20":"first","21":"instock","22":"shipping-taxable","23":"product-type-simple","24":"has-product-nav","25":"col","26":"span_1_of_3","27":"owp-content-center","28":"owp-thumbs-layout-horizontal","29":"owp-btn-normal","30":"owp-tabs-layout-horizontal"},"acf":[],"jetpack_sharing_enabled":true,"_links":{"self":[{"href":"https:\/\/charta-nekretnine.hr\/en\/wp-json\/wp\/v2\/product\/9374","targetHints":{"allow":["GET"]}}],"collection":[{"href":"https:\/\/charta-nekretnine.hr\/en\/wp-json\/wp\/v2\/product"}],"about":[{"href":"https:\/\/charta-nekretnine.hr\/en\/wp-json\/wp\/v2\/types\/product"}],"wp:featuredmedia":[{"embeddable":true,"href":"https:\/\/charta-nekretnine.hr\/en\/wp-json\/wp\/v2\/media\/9380"}],"wp:attachment":[{"href":"https:\/\/charta-nekretnine.hr\/en\/wp-json\/wp\/v2\/media?parent=9374"}],"wp:term":[{"taxonomy":"product_brand","embeddable":true,"href":"https:\/\/charta-nekretnine.hr\/en\/wp-json\/wp\/v2\/product_brand?post=9374"},{"taxonomy":"product_cat","embeddable":true,"href":"https:\/\/charta-nekretnine.hr\/en\/wp-json\/wp\/v2\/product_cat?post=9374"},{"taxonomy":"product_tag","embeddable":true,"href":"https:\/\/charta-nekretnine.hr\/en\/wp-json\/wp\/v2\/product_tag?post=9374"}],"curies":[{"name":"wp","href":"https:\/\/api.w.org\/{rel}","templated":true}]}}