{"id":9395,"date":"2026-03-16T19:30:51","date_gmt":"2026-03-16T19:30:51","guid":{"rendered":"https:\/\/charta-nekretnine.hr\/?post_type=product&#038;p=9395"},"modified":"2026-03-16T19:30:51","modified_gmt":"2026-03-16T19:30:51","slug":"mobilne-kucice-i-parcele-turanj","status":"publish","type":"product","link":"https:\/\/charta-nekretnine.hr\/en\/product\/mobilne-kucice-i-parcele-turanj\/","title":{"rendered":"Mobilne ku\u0107ice i parcele Turanj, &#8220;Kupi &#038; Rentaj&#8221; model"},"content":{"rendered":"","protected":false},"excerpt":{"rendered":"<h1>Mobilne ku\u0107ice i parcele Turanj<\/h1>\n<p>Na izuzetnoj lokaciji sun\u010danoga Turnja zapo\u010dinje projekt u kojemu mo\u017eete kupiti i potom iznajmljivati poptuno nove i opremljene mobilne ku\u0107ice.<\/p>\n<p>&nbsp;<\/p>\n<figure id=\"attachment_9399\" aria-describedby=\"caption-attachment-9399\" style=\"width: 640px\" class=\"wp-caption alignnone\"><img fetchpriority=\"high\" decoding=\"async\" class=\"wp-image-9399\" src=\"https:\/\/charta-nekretnine.hr\/wp-content\/uploads\/2026\/03\/Turanj.jpg\" alt=\"Plavetnilo mora u Turnju\" width=\"640\" height=\"360\" srcset=\"https:\/\/charta-nekretnine.hr\/wp-content\/uploads\/2026\/03\/Turanj.jpg 960w, https:\/\/charta-nekretnine.hr\/wp-content\/uploads\/2026\/03\/Turanj-768x432.jpg 768w, https:\/\/charta-nekretnine.hr\/wp-content\/uploads\/2026\/03\/Turanj-18x10.jpg 18w, https:\/\/charta-nekretnine.hr\/wp-content\/uploads\/2026\/03\/Turanj-800x450.jpg 800w, https:\/\/charta-nekretnine.hr\/wp-content\/uploads\/2026\/03\/Turanj-600x338.jpg 600w\" sizes=\"(max-width: 640px) 100vw, 640px\" \/><figcaption id=\"caption-attachment-9399\" class=\"wp-caption-text\">More u Turnju o\u010darava tijekom cijele godine<\/figcaption><\/figure>\n<p>Projekt se vodi po modelu &#8220;Kupi &amp; Rentaj&#8221;, gdje mobilna ku\u0107ica postaje va\u0161a investicija i sredstvo o\u010duvanja vrijednosti va\u0161e imovine.\u00a0Naravno, mobilne ku\u0107ice mo\u017eete koristiti i za vlastiti odmor.<\/p>\n<p>Time ostvarujete dvostruku korist: iznajmljivanjem ku\u0107ice pokre\u0107ete dodatan izvor dugoro\u010dnih prihoda, a kori\u0161tenjem mobilne ku\u0107ice za sebe i svoje najbli\u017ee dobivate svije mjesto na moru.<\/p>\n<p>Zna\u010dajna prednost ovog projekta je visina pau\u0161ala koja \u0107e vam olak\u0161ati po\u010detak ulaganja i skratiti vrijeme za povrat ulo\u017eenog.<\/p>\n<p>Tra\u017eite li priliku ulo\u017eiti u smje\u0161tajne jedinice sa visokim potencijalom povrata investicije, mobilne ku\u0107ice i parcele Turanj nude lokaciju za u\u017eivanje tijekom cijele godine.<\/p>\n<h2>Potencijal lokacije parcela u Turnju<\/h2>\n<p>Parcele za mobilne ku\u0107ice se nalaze na 150m od mora u ogra\u0111enom i mirnom dijelu Turnja. Nedaleko od Zadra i Vranskog jezera, va\u0161e \u0107e mobilne ku\u0107ice biti centar za odredi\u0161ta kulturne, prirodne i urbane vrijednosti.<\/p>\n<p>Posebna atrakcija va\u0161im gostima \u0107e biti tzv. &#8220;Otok Ljubavi&#8221; &#8211; Gale\u0161njak, jedna od rijetkih prirodnih atrakcija u srcolikom obliku.<\/p>\n<p>Organizirani izleti i suradnja sa lokalnim vodi\u010dima uzdignut \u0107e va\u0161e mobilne ku\u0107ice na razinu vrlo tra\u017eenih turisti\u010dkih smje\u0161taja.<\/p>\n<h2>Detalji projekta mobilne ku\u0107ice i parcele Turanj<\/h2>\n<div class=\"x11i5rnm xat24cr x1mh8g0r x1vvkbs xtlvy1s x126k92a\">\n<div dir=\"auto\">\n<ul>\n<li><strong>\u2022\u00a0<\/strong>Cijena mobilne ku\u0107ice model 24 m\u00b2: 33.000 \u20ac plus pdv<\/li>\n<li><strong>\u2022\u00a0<\/strong>Godi\u0161nji pau\u0161al: 5.000 \u20ac<\/li>\n<li><strong>\u2022\u00a0<\/strong>Ugovor na 10 godina<\/li>\n<li><strong>\u2022\u00a0<\/strong>Produljenje ugovora: mogu\u0107 dogovor<\/li>\n<\/ul>\n<hr \/>\n<ul>\n<li><strong>\u2022\u00a0<\/strong>Udaljenost od mora: 150 metara<\/li>\n<li><strong>\u2022\u00a0<\/strong>Pristup ku\u0107icama: cijele godine<\/li>\n<li><strong>\u2022<\/strong> Terasa: natkrivena 24 m\u00b2, po dogovoru ogra\u0111ena<\/li>\n<li><strong>\u2022\u00a0<\/strong>Stanje mobilne ku\u0107ice: nova, potpuno opremljena i ure\u0111ena<\/li>\n<li><strong>\u2022\u00a0<\/strong>Osiguran parking<\/li>\n<\/ul>\n<\/div>\n<\/div>\n<p dir=\"auto\">Mobilne ku\u0107ice se prodaju po sistemu klju\u010d u ruke, a na\u0161a usluga uklju\u010duje:<\/p>\n<div class=\"x11i5rnm xat24cr x1mh8g0r x1vvkbs xtlvy1s x126k92a\">\n<ul>\n<li dir=\"auto\">\u2022 Potpuno opremljenu i namje\u0161tenu mobilnu ku\u0107icu<\/li>\n<li dir=\"auto\">\u2022 Organiziran prijevoz i postavljanje ku\u0107ice<\/li>\n<li dir=\"auto\">\u2022 Natkrivenu terasu<br \/>\n<hr \/>\n<\/li>\n<li dir=\"auto\">\u2022 Monta\u017eu terase<\/li>\n<li dir=\"auto\">\u2022 Pripremljenu parcela sa priklju\u010dcima<\/li>\n<li dir=\"auto\">\u2022 Spajanje ku\u0107ice na priklju\u010dke<\/li>\n<\/ul>\n<h2>Investicijski potencijal projekta u Turnju<\/h2>\n<p>Namjena mobilnih ku\u0107ica prvenstveno je daljnje iznajmljivanje. Ugovor o zakupu parcele na koju dolazi nova mobilna ku\u0107ica potpisuje se na 10 godina \u2013 uz mogu\u0107nost produ\u017eenja.<\/p>\n<p>Kroz investicijski period od 10 godina, od najma u mobilne ku\u0107ice u kampovima se o\u010dekuje povrat ulaganja kroz 4 do 6 godina, a preostali period do isteka ugovora od 10 godina, razdoblje je ostvarenja \u010distog prihoda.*<\/p>\n<p>Prema dosada\u0161njem iskustvu na\u0161ih klijenata, ovaj oblik ulaganja idealan je ako vam je cilj o\u010duvati vrijednost svojih, ve\u0107 postoje\u0107ih financijskih sredstava. Odnosno, ako ne \u017eelite da vam sredstva propadaju uslijed inflacije i drugih negativnih trendova.<\/p>\n<p>Procjena godi\u0161njeg prihoda od najma mobilne ku\u0107ice u Turnju: <strong>15.000 \u2013 20.000 \u20ac<\/strong><\/p>\n<p>Kako bi lak\u0161e donijeli odluku za vas smo pripremili\u00a0<strong><a href=\"https:\/\/charta-nekretnine.hr\/en\/2024\/12\/09\/vodic-za-ulaganje-u-mobilne-kucice\/\" target=\"_blank\" rel=\"noopener\">opse\u017ean vodi\u010d o ulaganju u mobilne ku\u0107ice<\/a><\/strong>.<\/p>\n<p>Vlasnici nove mobilne ku\u0107ice mogu tako\u0111er odabrati mje\u0161oviti model upotrebe.<\/p>\n<p>Ovime se odlu\u010duju iznajmiti ku\u0107icu koliko je dovoljno da se pokriju osnovni godi\u0161nji tro\u0161kovi, a ostatak vremena koriste ju za vlastite potrebe. Malo za sebe, malo za rodbinu i prijatelje, ovaj model otvara mogu\u0107nost da u\u017eivate u svom smje\u0161taju uz more kad to vama odgovara.<\/p>\n<p>Du\u017eni smo napomenuti da se kupnjom mobilne ku\u0107ice, ona ne\u0107e iznajmljivati sama od sebe. Iako upravljanje ku\u0107icom nije intezivan i zahtjevan postupak, od vlasnika ku\u0107ica za odmor se o\u010dekuje odre\u0111eni anga\u017eman.<\/p>\n<p>*procjena prihoda od najma utvr\u0111ena je prema pokazateljima u prethodne 3 godine za smje\u0161taj u mobilnim ku\u0107icama na bliskim lokacijama.<\/p>\n<h3>Mobilne ku\u0107ice blizu mora 8 x 3 m (24 m\u00b2) sa terasom 24 m\u00b2<\/h3>\n<figure id=\"attachment_9377\" aria-describedby=\"caption-attachment-9377\" style=\"width: 540px\" class=\"wp-caption aligncenter\"><img decoding=\"async\" class=\"wp-image-9377 size-full\" src=\"https:\/\/charta-nekretnine.hr\/wp-content\/uploads\/2026\/03\/Mobilna-kucica.jpg\" alt=\"Mobilne ku\u0107ice na parcelama u Biogradu\" width=\"540\" height=\"540\" srcset=\"https:\/\/charta-nekretnine.hr\/wp-content\/uploads\/2026\/03\/Mobilna-kucica.jpg 540w, https:\/\/charta-nekretnine.hr\/wp-content\/uploads\/2026\/03\/Mobilna-kucica-12x12.jpg 12w, https:\/\/charta-nekretnine.hr\/wp-content\/uploads\/2026\/03\/Mobilna-kucica-300x300.jpg 300w, https:\/\/charta-nekretnine.hr\/wp-content\/uploads\/2026\/03\/Mobilna-kucica-100x100.jpg 100w\" sizes=\"(max-width: 540px) 100vw, 540px\" \/><figcaption id=\"caption-attachment-9377\" class=\"wp-caption-text\">Mobilne ku\u0107ice za vlastiti odmor ili za iznajmljivanje<\/figcaption><\/figure>\n<p>Moderno ure\u0111ene, ove mobilne ku\u0107ice imaju sve potrebne ure\u0111aje za ugodan boravak i odmor bez naprezanja.<\/p>\n<p><strong>Kuhinja<\/strong>\u00a0ima veliki fri\u017eider, perilicu za pranje su\u0111a, plo\u010du za kuhanje i dovoljno prostora za odlaganje kuhinjskog pribora i manjih ure\u0111aja.<\/p>\n<p>Savjetujemo da svojim gostima pru\u017eite dodatan komfor nabavkom mikrovalne i aparata za kavu.<\/p>\n<p>Dvije\u00a0<strong>spava\u0107e sobe<\/strong>\u00a0mogu biti opremljene velikim krevetima ili\u00a0 onima za jednu osobu. Mogu\u0107e je dogovoriti i postavljanje kreveta na kat.<\/p>\n<p><strong>Kupaonica<\/strong>\u00a0je projektirana tako da se isoristi svaki kvadratni centimetar \u0161to omogu\u0107ava nesmetano kretanje vi\u0161e osoba istovremeno.<\/p>\n<figure id=\"attachment_9319\" class=\"wp-caption aligncenter\" aria-describedby=\"caption-attachment-9319\">\n<figure id=\"attachment_9319\" aria-describedby=\"caption-attachment-9319\" style=\"width: 640px\" class=\"wp-caption aligncenter\"><img decoding=\"async\" class=\"wp-image-9319\" src=\"https:\/\/charta-nekretnine.hr\/wp-content\/uploads\/2025\/11\/Dnevni-boravak.jpg\" alt=\"Mobilna ku\u0107ica interijer\" width=\"640\" height=\"360\" srcset=\"https:\/\/charta-nekretnine.hr\/wp-content\/uploads\/2025\/11\/Dnevni-boravak.jpg 960w, https:\/\/charta-nekretnine.hr\/wp-content\/uploads\/2025\/11\/Dnevni-boravak-768x432.jpg 768w, https:\/\/charta-nekretnine.hr\/wp-content\/uploads\/2025\/11\/Dnevni-boravak-18x10.jpg 18w, https:\/\/charta-nekretnine.hr\/wp-content\/uploads\/2025\/11\/Dnevni-boravak-800x450.jpg 800w, https:\/\/charta-nekretnine.hr\/wp-content\/uploads\/2025\/11\/Dnevni-boravak-600x338.jpg 600w\" sizes=\"(max-width: 640px) 100vw, 640px\" \/><figcaption id=\"caption-attachment-9319\" class=\"wp-caption-text\">Kuhinja i dnevni boravak su povezani u jedan prostor<\/figcaption><\/figure><figcaption id=\"caption-attachment-9319\" class=\"wp-caption-text\"><\/figcaption><\/figure>\n<p><strong>Dnevni boravak<\/strong>\u00a0opremljen je kau\u010dem na razvla\u010denje \u0161to mo\u017ee obradovati privremene goste, smart TV-om i klima ure\u0111ajem.<\/p>\n<p><strong>Terasa<\/strong>\u00a0je mjesto okupljanja svih posjetitelja i prostor za unapre\u0111enje usluge smje\u0161taja. Uz vanjsku garnituru za opu\u0161tanje uz lagani vjetri\u0107, na terasu se mo\u017ee postaviti vanjska kuhinja te elektri\u010dni ro\u0161tilj.<\/p>\n<figure id=\"attachment_9379\" aria-describedby=\"caption-attachment-9379\" style=\"width: 540px\" class=\"wp-caption aligncenter\"><img loading=\"lazy\" decoding=\"async\" class=\"wp-image-9379\" src=\"https:\/\/charta-nekretnine.hr\/wp-content\/uploads\/2026\/03\/Terasa.jpg\" alt=\"Terasa mobile ku\u0107ice\" width=\"540\" height=\"360\" srcset=\"https:\/\/charta-nekretnine.hr\/wp-content\/uploads\/2026\/03\/Terasa.jpg 810w, https:\/\/charta-nekretnine.hr\/wp-content\/uploads\/2026\/03\/Terasa-768x512.jpg 768w, https:\/\/charta-nekretnine.hr\/wp-content\/uploads\/2026\/03\/Terasa-18x12.jpg 18w, https:\/\/charta-nekretnine.hr\/wp-content\/uploads\/2026\/03\/Terasa-600x400.jpg 600w\" sizes=\"(max-width: 540px) 100vw, 540px\" \/><figcaption id=\"caption-attachment-9379\" class=\"wp-caption-text\">Na ure\u0111enoj terasi \u0107e va\u0161i gosti provesti najvi\u0161e vremena<\/figcaption><\/figure>\n<\/div>\n<h3>Godi\u0161nji pau\u0161al za mobilne ku\u0107ice u Turnju<\/h3>\n<p>Ovom prilikom \u017eelimo istaknuti posebnu ponudu. Imate priliku odabrati lokaciju za va\u0161u mobilnu ku\u0107icu na 100 metara od mora uz, prema va\u0161im upitima, povoljniji pau\u0161al.<\/p>\n<p>Iznos\u00a0<strong>godi\u0161njeg pau\u0161ala je 5.000 \u20ac<\/strong><\/p>\n<p>Ugovor se potpisuje na 10 godina.\u00a0 S obzirom na iskustvo sa drugim lokacijama na kojima smo prisutni vi\u0161e od 5 godina, pau\u0161al od 5.000 \u20ac se ne\u0107e bitno promijeniti u ugovornom razdoblju od 10 godina.<\/p>\n<h3>Paket upravljanja za mobilne ku\u0107ice i parcele Turanj<\/h3>\n<p>Za svaku je mobilnu ku\u0107icu mogu\u0107e ugovoriti paket upravljanja koji uklju\u010duje:<\/p>\n<ul>\n<li><strong>\u2022\u00a0<\/strong>iznajmljivanje putem specijaliziranih portala<\/li>\n<li><strong>\u2022\u00a0<\/strong>koordinaciju raspolo\u017eivih termina na svim portalima<\/li>\n<li><strong>\u2022\u00a0<\/strong>check in \/ check out gostiju<\/li>\n<li><strong>\u2022\u00a0<\/strong>uslugu \u010di\u0161\u0107enja ku\u0107ice<\/li>\n<li><strong>\u2022\u00a0<\/strong>izradu web stranice i vo\u0111enje profila na dru\u0161tvenim mre\u017eama<\/li>\n<li><strong>\u2022\u00a0<\/strong>snimanje promo materijala za mobilne ku\u0107ice<\/li>\n<\/ul>\n<p>Za vas predstavljamo\u00a0<strong><a href=\"https:\/\/charta-nekretnine.hr\/en\/prodaja-mobilne-kucice\/\" target=\"_blank\" rel=\"noopener\">ponudu ostalih lokacija<\/a><\/strong>\u00a0na kojima mo\u017eete kupiti i postaviti mobilnu ku\u0107icu te zapo\u010deti sa ostvarivanjem prihoda od turisti\u010dkog iznajmljivanja.<\/p>\n<h3>\u010cesta pitanja i odgovori vezani uz ulaganje u mobilne ku\u0107ice<\/h3>\n<div class=\"x11i5rnm xat24cr x1mh8g0r x1vvkbs xtlvy1s x126k92a\">\n<p dir=\"auto\">Zanima li vas investicija u mobilne ku\u0107ice i parcele Turanj, sigurno \u017eelite znati odgovore na sljede\u0107a pitanja:<\/p>\n<\/div>\n<div class=\"x11i5rnm xat24cr x1mh8g0r x1vvkbs xtlvy1s x126k92a\">\n<div dir=\"auto\"><span class=\"x3nfvp2 x1j61x8r x1fcty0u xdj266r xhhsvwb xat24cr xgzva0m xxymvpz xlup9mm x1kky2od\"><img loading=\"lazy\" decoding=\"async\" class=\"xz74otr\" src=\"https:\/\/static.xx.fbcdn.net\/images\/emoji.php\/v9\/t72\/3\/16\/1f518.png\" alt=\"\ud83d\udd18\" width=\"16\" height=\"16\" \/><\/span>\u00a0\u0160to je pau\u0161al?<\/div>\n<div dir=\"auto\"><span class=\"x3nfvp2 x1j61x8r x1fcty0u xdj266r xhhsvwb xat24cr xgzva0m xxymvpz xlup9mm x1kky2od\"><img loading=\"lazy\" decoding=\"async\" class=\"xz74otr\" src=\"https:\/\/static.xx.fbcdn.net\/images\/emoji.php\/v9\/t8f\/3\/16\/2611.png\" alt=\"\u2611\ufe0f\" width=\"16\" height=\"16\" \/><\/span> Godi\u0161nja naknada za kori\u0161tenje parcele koja se pla\u0107a vlasniku zemlji\u0161ta<\/div>\n<\/div>\n<div class=\"x11i5rnm xat24cr x1mh8g0r x1vvkbs xtlvy1s x126k92a\">\n<div dir=\"auto\">\n<hr \/>\n<\/div>\n<\/div>\n<div class=\"x11i5rnm xat24cr x1mh8g0r x1vvkbs xtlvy1s x126k92a\">\n<div dir=\"auto\"><span class=\"x3nfvp2 x1j61x8r x1fcty0u xdj266r xhhsvwb xat24cr xgzva0m xxymvpz xlup9mm x1kky2od\"><img loading=\"lazy\" decoding=\"async\" class=\"xz74otr\" src=\"https:\/\/static.xx.fbcdn.net\/images\/emoji.php\/v9\/t72\/3\/16\/1f518.png\" alt=\"\ud83d\udd18\" width=\"16\" height=\"16\" \/><\/span>\u00a0Za koliko mogu vratiti ulo\u017eeno?<\/div>\n<div dir=\"auto\"><span class=\"x3nfvp2 x1j61x8r x1fcty0u xdj266r xhhsvwb xat24cr xgzva0m xxymvpz xlup9mm x1kky2od\"><img loading=\"lazy\" decoding=\"async\" class=\"xz74otr\" src=\"https:\/\/static.xx.fbcdn.net\/images\/emoji.php\/v9\/t8f\/3\/16\/2611.png\" alt=\"\u2611\ufe0f\" width=\"16\" height=\"16\" \/><\/span>\u00a0O\u010dekivani povrat investicije je 5 do 7 godina<\/div>\n<\/div>\n<div class=\"x11i5rnm xat24cr x1mh8g0r x1vvkbs xtlvy1s x126k92a\">\n<div dir=\"auto\">\n<hr \/>\n<\/div>\n<div dir=\"auto\"><span class=\"x3nfvp2 x1j61x8r x1fcty0u xdj266r xhhsvwb xat24cr xgzva0m xxymvpz xlup9mm x1kky2od\"><img loading=\"lazy\" decoding=\"async\" class=\"xz74otr\" src=\"https:\/\/static.xx.fbcdn.net\/images\/emoji.php\/v9\/t72\/3\/16\/1f518.png\" alt=\"\ud83d\udd18\" width=\"16\" height=\"16\" \/><\/span>\u00a0Mogu li boraviti u mobilnoj ku\u0107ici?<\/div>\n<div dir=\"auto\"><span class=\"x3nfvp2 x1j61x8r x1fcty0u xdj266r xhhsvwb xat24cr xgzva0m xxymvpz xlup9mm x1kky2od\"><img loading=\"lazy\" decoding=\"async\" class=\"xz74otr\" src=\"https:\/\/static.xx.fbcdn.net\/images\/emoji.php\/v9\/t8f\/3\/16\/2611.png\" alt=\"\u2611\ufe0f\" width=\"16\" height=\"16\" \/><\/span>\u00a0Naravno, mo\u017eete kombinirati najam ku\u0107ice, boraviti u njoj ili pozvati prijatelje i rodbinu da odsjednu u njoj?<\/div>\n<\/div>\n<div class=\"x11i5rnm xat24cr x1mh8g0r x1vvkbs xtlvy1s x126k92a\">\n<div dir=\"auto\">\n<hr \/>\n<\/div>\n<div dir=\"auto\"><span class=\"x3nfvp2 x1j61x8r x1fcty0u xdj266r xhhsvwb xat24cr xgzva0m xxymvpz xlup9mm x1kky2od\"><img loading=\"lazy\" decoding=\"async\" class=\"xz74otr\" src=\"https:\/\/static.xx.fbcdn.net\/images\/emoji.php\/v9\/t72\/3\/16\/1f518.png\" alt=\"\ud83d\udd18\" width=\"16\" height=\"16\" \/><\/span> \u010cije su vlasni\u0161tvo ove mobilne ku\u0107ice u Turnju?<\/div>\n<div dir=\"auto\"><span class=\"x3nfvp2 x1j61x8r x1fcty0u xdj266r xhhsvwb xat24cr xgzva0m xxymvpz xlup9mm x1kky2od\"><img loading=\"lazy\" decoding=\"async\" class=\"xz74otr\" src=\"https:\/\/static.xx.fbcdn.net\/images\/emoji.php\/v9\/t8f\/3\/16\/2611.png\" alt=\"\u2611\ufe0f\" width=\"16\" height=\"16\" \/><\/span>\u00a0Va\u0161e! Velika je prednost ovog na\u010dina investiranja \u0161to ku\u0107icu mo\u017eete prodati i time jo\u0161 pove\u0107ati svoju dobit.<\/div>\n<\/div>\n<div class=\"x11i5rnm xat24cr x1mh8g0r x1vvkbs xtlvy1s x126k92a\">\n<div dir=\"auto\">\n<hr \/>\n<\/div>\n<div dir=\"auto\"><span class=\"x3nfvp2 x1j61x8r x1fcty0u xdj266r xhhsvwb xat24cr xgzva0m xxymvpz xlup9mm x1kky2od\"><img loading=\"lazy\" decoding=\"async\" class=\"xz74otr\" src=\"https:\/\/static.xx.fbcdn.net\/images\/emoji.php\/v9\/t72\/3\/16\/1f518.png\" alt=\"\ud83d\udd18\" width=\"16\" height=\"16\" \/><\/span> Da li je i parcela moja?<\/div>\n<div dir=\"auto\"><span class=\"x3nfvp2 x1j61x8r x1fcty0u xdj266r xhhsvwb xat24cr xgzva0m xxymvpz xlup9mm x1kky2od\"><img loading=\"lazy\" decoding=\"async\" class=\"xz74otr\" src=\"https:\/\/static.xx.fbcdn.net\/images\/emoji.php\/v9\/t8f\/3\/16\/2611.png\" alt=\"\u2611\ufe0f\" width=\"16\" height=\"16\" \/><\/span> Ne! Zemlji\u0161te je privatno vlasni\u0161tvo koje se daje u zakup na odre\u0111eni broj godina.<\/div>\n<\/div>\n<div class=\"x11i5rnm xat24cr x1mh8g0r x1vvkbs xtlvy1s x126k92a\">\n<div dir=\"auto\">\n<hr \/>\n<\/div>\n<div dir=\"auto\"><span class=\"x3nfvp2 x1j61x8r x1fcty0u xdj266r xhhsvwb xat24cr xgzva0m xxymvpz xlup9mm x1kky2od\"><img loading=\"lazy\" decoding=\"async\" class=\"xz74otr\" src=\"https:\/\/static.xx.fbcdn.net\/images\/emoji.php\/v9\/t72\/3\/16\/1f518.png\" alt=\"\ud83d\udd18\" width=\"16\" height=\"16\" \/><\/span> Isplati li se ulagati u mobilne ku\u0107ice u Turnju?<\/div>\n<div dir=\"auto\">\n<p><span class=\"x3nfvp2 x1j61x8r x1fcty0u xdj266r xhhsvwb xat24cr xgzva0m xxymvpz xlup9mm x1kky2od\"><img loading=\"lazy\" decoding=\"async\" class=\"xz74otr\" src=\"https:\/\/static.xx.fbcdn.net\/images\/emoji.php\/v9\/t8f\/3\/16\/2611.png\" alt=\"\u2611\ufe0f\" width=\"16\" height=\"16\" \/><\/span>\u00a0Nazovite nas i saznajte detalje na\u0161e ponude!<\/p>\n<\/div>\n<\/div>\n<p dir=\"auto\">Za sve detalje i informacije o projektu \u201cMobilne ku\u0107ice i parcele Turanj\u201d i ulaganju u turisti\u010dko iznajmljivanje, na raspolaganju smo vam na:<\/p>\n<div class=\"x11i5rnm xat24cr x1mh8g0r x1vvkbs xtlvy1s x126k92a\">\n<div dir=\"auto\">+385 (0)91 900 1525<br \/>\n+385 (0)99 366 4412<br \/>\n+385 (0)99 738 5893<br \/>\n+385 (0)95 724 2285<\/div>\n<div dir=\"auto\">info@charta-nekretnine.hr<\/div>\n<\/div>","protected":false},"featured_media":9397,"template":"","meta":{"_acf_changed":false,"ocean_post_layout":"","ocean_both_sidebars_style":"","ocean_both_sidebars_content_width":0,"ocean_both_sidebars_sidebars_width":0,"ocean_sidebar":"","ocean_second_sidebar":"","ocean_disable_margins":"enable","ocean_add_body_class":"","ocean_shortcode_before_top_bar":"","ocean_shortcode_after_top_bar":"","ocean_shortcode_before_header":"","ocean_shortcode_after_header":"","ocean_has_shortcode":"","ocean_shortcode_after_title":"","ocean_shortcode_before_footer_widgets":"","ocean_shortcode_after_footer_widgets":"","ocean_shortcode_before_footer_bottom":"","ocean_shortcode_after_footer_bottom":"","ocean_display_top_bar":"default","ocean_display_header":"default","ocean_header_style":"","ocean_center_header_left_menu":"","ocean_custom_header_template":"","ocean_custom_logo":0,"ocean_custom_retina_logo":0,"ocean_custom_logo_max_width":0,"ocean_custom_logo_tablet_max_width":0,"ocean_custom_logo_mobile_max_width":0,"ocean_custom_logo_max_height":0,"ocean_custom_logo_tablet_max_height":0,"ocean_custom_logo_mobile_max_height":0,"ocean_header_custom_menu":"","ocean_menu_typo_font_family":"","ocean_menu_typo_font_subset":"","ocean_menu_typo_font_size":0,"ocean_menu_typo_font_size_tablet":0,"ocean_menu_typo_font_size_mobile":0,"ocean_menu_typo_font_size_unit":"px","ocean_menu_typo_font_weight":"","ocean_menu_typo_font_weight_tablet":"","ocean_menu_typo_font_weight_mobile":"","ocean_menu_typo_transform":"","ocean_menu_typo_transform_tablet":"","ocean_menu_typo_transform_mobile":"","ocean_menu_typo_line_height":0,"ocean_menu_typo_line_height_tablet":0,"ocean_menu_typo_line_height_mobile":0,"ocean_menu_typo_line_height_unit":"","ocean_menu_typo_spacing":0,"ocean_menu_typo_spacing_tablet":0,"ocean_menu_typo_spacing_mobile":0,"ocean_menu_typo_spacing_unit":"","ocean_menu_link_color":"","ocean_menu_link_color_hover":"","ocean_menu_link_color_active":"","ocean_menu_link_background":"","ocean_menu_link_hover_background":"","ocean_menu_link_active_background":"","ocean_menu_social_links_bg":"","ocean_menu_social_hover_links_bg":"","ocean_menu_social_links_color":"","ocean_menu_social_hover_links_color":"","ocean_disable_title":"default","ocean_disable_heading":"default","ocean_post_title":"","ocean_post_subheading":"","ocean_post_title_style":"","ocean_post_title_background_color":"","ocean_post_title_background":0,"ocean_post_title_bg_image_position":"","ocean_post_title_bg_image_attachment":"","ocean_post_title_bg_image_repeat":"","ocean_post_title_bg_image_size":"","ocean_post_title_height":0,"ocean_post_title_bg_overlay":0.5,"ocean_post_title_bg_overlay_color":"","ocean_disable_breadcrumbs":"default","ocean_breadcrumbs_color":"","ocean_breadcrumbs_separator_color":"","ocean_breadcrumbs_links_color":"","ocean_breadcrumbs_links_hover_color":"","ocean_display_footer_widgets":"default","ocean_display_footer_bottom":"default","ocean_custom_footer_template":""},"product_brand":[],"product_cat":[265],"product_tag":[247,272],"class_list":{"0":"post-9395","1":"product","2":"type-product","3":"status-publish","4":"has-post-thumbnail","6":"product_cat-mobilne-kucice","7":"product_tag-prodaja","8":"product_tag-prodaja-mobilnih-kucica","9":"pa_broj-kupaonica-60","10":"pa_broj-spavacih-soba-52","11":"pa_cijena-33-000-plus-pdv","12":"pa_kvadratura-24-24-terasa","13":"pa_mjesto-turanj","14":"pa_stanje-objekta-nove-mobilne-kucice","15":"pa_vrsta-objave-prodaja","17":"entry","18":"has-media","20":"first","21":"instock","22":"shipping-taxable","23":"product-type-simple","24":"has-product-nav","25":"col","26":"span_1_of_3","27":"owp-content-center","28":"owp-thumbs-layout-horizontal","29":"owp-btn-normal","30":"owp-tabs-layout-horizontal"},"acf":[],"jetpack_sharing_enabled":true,"_links":{"self":[{"href":"https:\/\/charta-nekretnine.hr\/en\/wp-json\/wp\/v2\/product\/9395","targetHints":{"allow":["GET"]}}],"collection":[{"href":"https:\/\/charta-nekretnine.hr\/en\/wp-json\/wp\/v2\/product"}],"about":[{"href":"https:\/\/charta-nekretnine.hr\/en\/wp-json\/wp\/v2\/types\/product"}],"wp:featuredmedia":[{"embeddable":true,"href":"https:\/\/charta-nekretnine.hr\/en\/wp-json\/wp\/v2\/media\/9397"}],"wp:attachment":[{"href":"https:\/\/charta-nekretnine.hr\/en\/wp-json\/wp\/v2\/media?parent=9395"}],"wp:term":[{"taxonomy":"product_brand","embeddable":true,"href":"https:\/\/charta-nekretnine.hr\/en\/wp-json\/wp\/v2\/product_brand?post=9395"},{"taxonomy":"product_cat","embeddable":true,"href":"https:\/\/charta-nekretnine.hr\/en\/wp-json\/wp\/v2\/product_cat?post=9395"},{"taxonomy":"product_tag","embeddable":true,"href":"https:\/\/charta-nekretnine.hr\/en\/wp-json\/wp\/v2\/product_tag?post=9395"}],"curies":[{"name":"wp","href":"https:\/\/api.w.org\/{rel}","templated":true}]}}