{"id":9405,"date":"2026-03-29T19:27:45","date_gmt":"2026-03-29T19:27:45","guid":{"rendered":"https:\/\/charta-nekretnine.hr\/?post_type=product&#038;p=9405"},"modified":"2026-03-29T19:27:45","modified_gmt":"2026-03-29T19:27:45","slug":"liznjan-moderna-vila-sa-bazenom","status":"publish","type":"product","link":"https:\/\/charta-nekretnine.hr\/en\/product\/liznjan-moderna-vila-sa-bazenom\/","title":{"rendered":"Moderna vila sa bazenom i pogledom na more"},"content":{"rendered":"","protected":false},"excerpt":{"rendered":"<h1>Moderna vila sa bazenom i pogledom na more<\/h1>\n<p>Vila sa prizemljem i katom ukupne <strong>stambene povr\u0161ine 177 m\u00b2<\/strong>\u00a0izgra\u0111ena je 2025. godine, a nalazi se na ure\u0111enom prostoru od 467 m\u00b2.<\/p>\n<figure id=\"attachment_9406\" aria-describedby=\"caption-attachment-9406\" style=\"width: 640px\" class=\"wp-caption aligncenter\"><img fetchpriority=\"high\" decoding=\"async\" class=\"wp-image-9406\" src=\"https:\/\/charta-nekretnine.hr\/wp-content\/uploads\/2026\/03\/Bocni-pogled_1.jpg\" alt=\"Vila sa bazenom i pogledom na more\" width=\"640\" height=\"360\" srcset=\"https:\/\/charta-nekretnine.hr\/wp-content\/uploads\/2026\/03\/Bocni-pogled_1.jpg 960w, https:\/\/charta-nekretnine.hr\/wp-content\/uploads\/2026\/03\/Bocni-pogled_1-768x432.jpg 768w, https:\/\/charta-nekretnine.hr\/wp-content\/uploads\/2026\/03\/Bocni-pogled_1-18x10.jpg 18w, https:\/\/charta-nekretnine.hr\/wp-content\/uploads\/2026\/03\/Bocni-pogled_1-800x450.jpg 800w, https:\/\/charta-nekretnine.hr\/wp-content\/uploads\/2026\/03\/Bocni-pogled_1-600x338.jpg 600w\" sizes=\"(max-width: 640px) 100vw, 640px\" \/><figcaption id=\"caption-attachment-9406\" class=\"wp-caption-text\">Hidromasa\u017eni bazen od 24 m2 sa prostorom za sun\u010danje<\/figcaption><\/figure>\n<p>&nbsp;<\/p>\n<p>Ova elegantna vila u je potpunosti dovr\u0161ena i opremljena po sistemu <strong>&#8220;klju\u010d u ruke&#8221;<\/strong> (instalacije, zidovi, stolarija, plo\u010dice, kamen, klima ure\u0111aji u svakoj sobi, staklene ograde uz stubi\u0161te i balkon). Sve kupaonice imaju podno grijanje dok je kotlovnica opremljena centralnim bojlerom za toplu vodu.<\/p>\n<p>Uz stambeni prostor dodatno su osigurane prostorije za pohranu bicikala te prostor za odlaganje alata za odr\u017eavanje vanjskog okoli\u0161a.<\/p>\n<p>Vanjski povr\u0161ina poplo\u010dana je <strong>autohtonim kamenim plo\u010dama<\/strong> (uklju\u010duju\u0107i stubi\u0161ta). Ugodnijem boravku na dvori\u0161tu doprinijet \u0107e zasa\u0111en travnjak te dvije masline. U vanjskom dvori\u0161nom prostoru postavljene su instalacije za vanjsku kuhinju.<\/p>\n<figure id=\"attachment_9412\" aria-describedby=\"caption-attachment-9412\" style=\"width: 540px\" class=\"wp-caption aligncenter\"><img decoding=\"async\" class=\"wp-image-9412\" src=\"https:\/\/charta-nekretnine.hr\/wp-content\/uploads\/2026\/03\/IMG-20260320-WA0008_1.jpg\" alt=\"Zasa\u0111ene masline i travnjak\" width=\"540\" height=\"360\" srcset=\"https:\/\/charta-nekretnine.hr\/wp-content\/uploads\/2026\/03\/IMG-20260320-WA0008_1.jpg 810w, https:\/\/charta-nekretnine.hr\/wp-content\/uploads\/2026\/03\/IMG-20260320-WA0008_1-768x512.jpg 768w, https:\/\/charta-nekretnine.hr\/wp-content\/uploads\/2026\/03\/IMG-20260320-WA0008_1-18x12.jpg 18w, https:\/\/charta-nekretnine.hr\/wp-content\/uploads\/2026\/03\/IMG-20260320-WA0008_1-600x400.jpg 600w\" sizes=\"(max-width: 540px) 100vw, 540px\" \/><figcaption id=\"caption-attachment-9412\" class=\"wp-caption-text\">Dodatan hlad tijekom vru\u0107ih dana potra\u017eit \u0107ete pod maslinovim drve\u0107em<\/figcaption><\/figure>\n<h2>Lokacija i povezanost<\/h2>\n<p>Moderna vila sa bazenom i pogledom na more\u00a0 smje\u0161tena je u Li\u017enjanu na 400 metara od mora i u\u017eiva prekrasan pogled na more.<\/p>\n<p>Blizina Pulskog aerodroma od 13km pridonosi lakoj dostupnosti svih gostiju koji \u0107e do Hrvatske letjeti jednom od avio komapanija sa odredi\u0161tem u Puli.<\/p>\n<p>Od autoceste (Istarskog ipsilona) ova je vila udaljena otprilike 10 km. Tako \u0107e svi koji se na odmor u Li\u017enjanu upute vlastitim prijevozom lako do\u0107i do kona\u010dnog odredi\u0161ta.<\/p>\n<h2>Istaknute pogodnosti<\/h2>\n<p>Po \u010demu je posebna ova moderna vila sa bazenom i pogledom na more?<\/p>\n<p>Vila se predaje potpuno izgra\u0111ena i spremna da ju opremite po vlastitom ukusu. U galeriji slika izdvojili smo ne ke od prijedloga kako pojedine prostorije mogu izgledati te zablistati za vas i goste kojima \u0107ete iznajmljivati ovu posebnu vilu.<\/p>\n<figure id=\"attachment_9433\" aria-describedby=\"caption-attachment-9433\" style=\"width: 640px\" class=\"wp-caption aligncenter\"><img decoding=\"async\" class=\"wp-image-9433\" src=\"https:\/\/charta-nekretnine.hr\/wp-content\/uploads\/2026\/03\/Primjer-uredenja-3_1.jpg\" alt=\"Primjer ure\u0111enja spava\u0107e sobe\" width=\"640\" height=\"360\" srcset=\"https:\/\/charta-nekretnine.hr\/wp-content\/uploads\/2026\/03\/Primjer-uredenja-3_1.jpg 960w, https:\/\/charta-nekretnine.hr\/wp-content\/uploads\/2026\/03\/Primjer-uredenja-3_1-768x432.jpg 768w, https:\/\/charta-nekretnine.hr\/wp-content\/uploads\/2026\/03\/Primjer-uredenja-3_1-18x10.jpg 18w, https:\/\/charta-nekretnine.hr\/wp-content\/uploads\/2026\/03\/Primjer-uredenja-3_1-800x450.jpg 800w, https:\/\/charta-nekretnine.hr\/wp-content\/uploads\/2026\/03\/Primjer-uredenja-3_1-600x338.jpg 600w\" sizes=\"(max-width: 640px) 100vw, 640px\" \/><figcaption id=\"caption-attachment-9433\" class=\"wp-caption-text\">Interijer uredite po svom ukusu, a mi samo predla\u017eemo neka rje\u0161enja<\/figcaption><\/figure>\n<p>Glavna atrakcija je <strong>vanjski hidromasa\u017eni bazen <\/strong>povr\u0161ine 24 m\u00b2, dolazi sa dodatnim sadr\u017eajima i prostorom za sun\u010danje koji pove\u0107avaju povr\u0161inu na kojoj mo\u017eete u\u017eivati u vodenom osvje\u017eenju.<\/p>\n<p>Zelenilo ure\u0111enog travnjaka i dvije zasa\u0111ene masline stvaraju kontrast moderno dizajniranoj vili. S vremenom ova \u0107e drva maslina prerasti u posebno privla\u010dno mjesto za improvizirani piknik za dvoje ili u\u017eivanje u hladu usred ljetnih vru\u0107ina.<\/p>\n<h3>Prizemlje vile<\/h3>\n<p>Centralno mjesto svih doga\u0111anja zauzima glavna prostorija od skoro 50 m\u00b2 u kojoj se nalazi kuhinja i blagovaona te dnevni boravak prirodno produ\u017een sa terasom koja vodi na bazen.<\/p>\n<figure id=\"attachment_9431\" aria-describedby=\"caption-attachment-9431\" style=\"width: 640px\" class=\"wp-caption aligncenter\"><img loading=\"lazy\" decoding=\"async\" class=\"wp-image-9431\" src=\"https:\/\/charta-nekretnine.hr\/wp-content\/uploads\/2026\/03\/Primjer-uredenja-1_1.jpg\" alt=\"Prizemlje vile\" width=\"640\" height=\"360\" srcset=\"https:\/\/charta-nekretnine.hr\/wp-content\/uploads\/2026\/03\/Primjer-uredenja-1_1.jpg 960w, https:\/\/charta-nekretnine.hr\/wp-content\/uploads\/2026\/03\/Primjer-uredenja-1_1-768x432.jpg 768w, https:\/\/charta-nekretnine.hr\/wp-content\/uploads\/2026\/03\/Primjer-uredenja-1_1-18x10.jpg 18w, https:\/\/charta-nekretnine.hr\/wp-content\/uploads\/2026\/03\/Primjer-uredenja-1_1-800x450.jpg 800w, https:\/\/charta-nekretnine.hr\/wp-content\/uploads\/2026\/03\/Primjer-uredenja-1_1-600x338.jpg 600w\" sizes=\"(max-width: 640px) 100vw, 640px\" \/><figcaption id=\"caption-attachment-9431\" class=\"wp-caption-text\">Prizemlje dnevni boravak<\/figcaption><\/figure>\n<p>U nastavku prizemlja nalazi se jedna kuponica, prostrija za pohranu stvari te dodatna prostorija koja mo\u017ee poslu\u017eiti kao mala spava\u0107a soba.<\/p>\n<h3>Raspored prostorija na katu<\/h3>\n<p>Ogra\u0111enim stepeni\u0161tem dolazi se na kat sa dvije velike spava\u0107e sobe sa zasebnim kupaonicama te balkonskim terasama<\/p>\n<h2>Kontakt<\/h2>\n<p>Zainteresiranim investitorima <a href=\"https:\/\/charta-nekretnine.hr\/en\/kontakt\/\" target=\"_blank\" rel=\"noopener\"><strong>na raspolaganju smo<\/strong><\/a>:<\/p>\n<p>+385 (0)91 584 9977<\/p>\n<p>info@charta-nekretnine.hr<\/p>\n<p>Projektnu dokumentaciju dostavljamo na zahtjev.<\/p>","protected":false},"featured_media":9435,"template":"","meta":{"_acf_changed":false,"ocean_post_layout":"","ocean_both_sidebars_style":"","ocean_both_sidebars_content_width":0,"ocean_both_sidebars_sidebars_width":0,"ocean_sidebar":"","ocean_second_sidebar":"","ocean_disable_margins":"enable","ocean_add_body_class":"","ocean_shortcode_before_top_bar":"","ocean_shortcode_after_top_bar":"","ocean_shortcode_before_header":"","ocean_shortcode_after_header":"","ocean_has_shortcode":"","ocean_shortcode_after_title":"","ocean_shortcode_before_footer_widgets":"","ocean_shortcode_after_footer_widgets":"","ocean_shortcode_before_footer_bottom":"","ocean_shortcode_after_footer_bottom":"","ocean_display_top_bar":"default","ocean_display_header":"default","ocean_header_style":"","ocean_center_header_left_menu":"","ocean_custom_header_template":"","ocean_custom_logo":0,"ocean_custom_retina_logo":0,"ocean_custom_logo_max_width":0,"ocean_custom_logo_tablet_max_width":0,"ocean_custom_logo_mobile_max_width":0,"ocean_custom_logo_max_height":0,"ocean_custom_logo_tablet_max_height":0,"ocean_custom_logo_mobile_max_height":0,"ocean_header_custom_menu":"","ocean_menu_typo_font_family":"","ocean_menu_typo_font_subset":"","ocean_menu_typo_font_size":0,"ocean_menu_typo_font_size_tablet":0,"ocean_menu_typo_font_size_mobile":0,"ocean_menu_typo_font_size_unit":"px","ocean_menu_typo_font_weight":"","ocean_menu_typo_font_weight_tablet":"","ocean_menu_typo_font_weight_mobile":"","ocean_menu_typo_transform":"","ocean_menu_typo_transform_tablet":"","ocean_menu_typo_transform_mobile":"","ocean_menu_typo_line_height":0,"ocean_menu_typo_line_height_tablet":0,"ocean_menu_typo_line_height_mobile":0,"ocean_menu_typo_line_height_unit":"","ocean_menu_typo_spacing":0,"ocean_menu_typo_spacing_tablet":0,"ocean_menu_typo_spacing_mobile":0,"ocean_menu_typo_spacing_unit":"","ocean_menu_link_color":"","ocean_menu_link_color_hover":"","ocean_menu_link_color_active":"","ocean_menu_link_background":"","ocean_menu_link_hover_background":"","ocean_menu_link_active_background":"","ocean_menu_social_links_bg":"","ocean_menu_social_hover_links_bg":"","ocean_menu_social_links_color":"","ocean_menu_social_hover_links_color":"","ocean_disable_title":"default","ocean_disable_heading":"default","ocean_post_title":"","ocean_post_subheading":"","ocean_post_title_style":"","ocean_post_title_background_color":"","ocean_post_title_background":0,"ocean_post_title_bg_image_position":"","ocean_post_title_bg_image_attachment":"","ocean_post_title_bg_image_repeat":"","ocean_post_title_bg_image_size":"","ocean_post_title_height":0,"ocean_post_title_bg_overlay":0.5,"ocean_post_title_bg_overlay_color":"","ocean_disable_breadcrumbs":"default","ocean_breadcrumbs_color":"","ocean_breadcrumbs_separator_color":"","ocean_breadcrumbs_links_color":"","ocean_breadcrumbs_links_hover_color":"","ocean_display_footer_widgets":"default","ocean_display_footer_bottom":"default","ocean_custom_footer_template":""},"product_brand":[],"product_cat":[311],"product_tag":[320],"class_list":{"0":"post-9405","1":"product","2":"type-product","3":"status-publish","4":"has-post-thumbnail","6":"product_cat-vila","7":"product_tag-prodaja-kuca-i-vila","8":"pa_broj-kupaonica-3-2","9":"pa_broj-spavacih-soba-53","10":"pa_cijena-720-000","11":"pa_kvadratura-444","12":"pa_mjesto-liznjan-istra","13":"pa_vrsta-objave-prodaja","15":"entry","16":"has-media","18":"first","19":"instock","20":"shipping-taxable","21":"product-type-simple","22":"has-product-nav","23":"col","24":"span_1_of_3","25":"owp-content-center","26":"owp-thumbs-layout-horizontal","27":"owp-btn-normal","28":"owp-tabs-layout-horizontal"},"acf":[],"jetpack_sharing_enabled":true,"_links":{"self":[{"href":"https:\/\/charta-nekretnine.hr\/en\/wp-json\/wp\/v2\/product\/9405","targetHints":{"allow":["GET"]}}],"collection":[{"href":"https:\/\/charta-nekretnine.hr\/en\/wp-json\/wp\/v2\/product"}],"about":[{"href":"https:\/\/charta-nekretnine.hr\/en\/wp-json\/wp\/v2\/types\/product"}],"wp:featuredmedia":[{"embeddable":true,"href":"https:\/\/charta-nekretnine.hr\/en\/wp-json\/wp\/v2\/media\/9435"}],"wp:attachment":[{"href":"https:\/\/charta-nekretnine.hr\/en\/wp-json\/wp\/v2\/media?parent=9405"}],"wp:term":[{"taxonomy":"product_brand","embeddable":true,"href":"https:\/\/charta-nekretnine.hr\/en\/wp-json\/wp\/v2\/product_brand?post=9405"},{"taxonomy":"product_cat","embeddable":true,"href":"https:\/\/charta-nekretnine.hr\/en\/wp-json\/wp\/v2\/product_cat?post=9405"},{"taxonomy":"product_tag","embeddable":true,"href":"https:\/\/charta-nekretnine.hr\/en\/wp-json\/wp\/v2\/product_tag?post=9405"}],"curies":[{"name":"wp","href":"https:\/\/api.w.org\/{rel}","templated":true}]}}