{"id":9438,"date":"2026-04-12T04:17:29","date_gmt":"2026-04-12T04:17:29","guid":{"rendered":"https:\/\/charta-nekretnine.hr\/?post_type=product&#038;p=9438"},"modified":"2026-04-12T08:35:11","modified_gmt":"2026-04-12T08:35:11","slug":"vila-salvela-istra-bazen-i-garaza","status":"publish","type":"product","link":"https:\/\/charta-nekretnine.hr\/en\/product\/vila-salvela-istra-bazen-i-garaza\/","title":{"rendered":"Vila Salvela, Istra, bazen i gara\u017ea"},"content":{"rendered":"","protected":false},"excerpt":{"rendered":"<h1>Vila Salvela u Istri<\/h1>\n<p>U Vodnjanu je zapo\u010dela gradnja vile u rohbau izvedbi sa bazenom i zatvorenom gara\u017eom.<\/p>\n<p>U privatnom okru\u017eenju ova se vila gradi na \u010destici kasnije opasanoj kamenim zidom \u0161to jam\u010di mir i za\u0161titu od vanjskih pogleda.<\/p>\n<p>Vila katnica isti\u010de se <strong>vanjskim bazenom<\/strong> i prostorom za <strong>ljetnu kuhinju<\/strong>, a dodatne samostoje\u0107e prostorije \u010dine gara\u017ea i spremi\u0161te, svako na suprotnoj strani posjeda.<\/p>\n<figure id=\"attachment_9440\" aria-describedby=\"caption-attachment-9440\" style=\"width: 647px\" class=\"wp-caption aligncenter\"><img fetchpriority=\"high\" decoding=\"async\" class=\"wp-image-9440\" src=\"https:\/\/charta-nekretnine.hr\/wp-content\/uploads\/2026\/04\/Druga-strana.jpg\" alt=\"Bazen Vila Salvela\" width=\"647\" height=\"360\" srcset=\"https:\/\/charta-nekretnine.hr\/wp-content\/uploads\/2026\/04\/Druga-strana.jpg 971w, https:\/\/charta-nekretnine.hr\/wp-content\/uploads\/2026\/04\/Druga-strana-768x427.jpg 768w, https:\/\/charta-nekretnine.hr\/wp-content\/uploads\/2026\/04\/Druga-strana-18x10.jpg 18w, https:\/\/charta-nekretnine.hr\/wp-content\/uploads\/2026\/04\/Druga-strana-600x334.jpg 600w\" sizes=\"(max-width: 647px) 100vw, 647px\" \/><figcaption id=\"caption-attachment-9440\" class=\"wp-caption-text\">Moderno zdanje isti\u010de se prostorom za opu\u0161tanje<\/figcaption><\/figure>\n<p><strong>Prizemlje se sastoji<\/strong> od dvije kupaonice i dvije sobe, pojedina\u010dnih povr\u0161ina 19.7 m\u00b2 i 15.3 m\u00b2. Uz ove glavne prostorije, prizemlje tako\u0111er sadr\u017ei dva ulaza, hodnik, ljetnu kuhinju te natkrivenu terasu od 9.1 m\u00b2. Dodatan prostor od 5.5 m\u00b2 zatvara dio nenatkrivene terase.<\/p>\n<p>Stambenom povr\u0161inom na katu dominira jedinstveni prostor dnevnog boravka povezanog sa kuhinjom i blagovaonom ukupne povr\u0161ine 41.5 m\u00b2. Na kat se mo\u017ee do\u0107i sa dvije strane, bilo unutarnjim ili vanjskim stepeni\u0161tem.<\/p>\n<p>Dodatne katne prostorije \u010dine jo\u0161 jedna soba, garderoba, kupaonica sa zasebnim wc-om te ostava.<\/p>\n<p>Za u\u017eivanje na svje\u017eem zraku i pogledu na Vodnjan osiguran je prostor natkrivene terase koja se prote\u017ee svojim malim dijelom i na nenatkriveni dio.<\/p>\n<p>Vila dolazi u rohbau izvedbi, a za detalnje informacije molimo javite nam se pozivom na:<\/p>\n<p>+385 (0)91 584 9977<\/p>\n<p>info@charta-nekretnine.hr<\/p>\n<p>Projektnu dokumentaciju dostavljamo na zahtjev.<\/p>","protected":false},"featured_media":9444,"template":"","meta":{"_acf_changed":false,"ocean_post_layout":"","ocean_both_sidebars_style":"","ocean_both_sidebars_content_width":0,"ocean_both_sidebars_sidebars_width":0,"ocean_sidebar":"","ocean_second_sidebar":"","ocean_disable_margins":"enable","ocean_add_body_class":"","ocean_shortcode_before_top_bar":"","ocean_shortcode_after_top_bar":"","ocean_shortcode_before_header":"","ocean_shortcode_after_header":"","ocean_has_shortcode":"","ocean_shortcode_after_title":"","ocean_shortcode_before_footer_widgets":"","ocean_shortcode_after_footer_widgets":"","ocean_shortcode_before_footer_bottom":"","ocean_shortcode_after_footer_bottom":"","ocean_display_top_bar":"default","ocean_display_header":"default","ocean_header_style":"","ocean_center_header_left_menu":"","ocean_custom_header_template":"","ocean_custom_logo":0,"ocean_custom_retina_logo":0,"ocean_custom_logo_max_width":0,"ocean_custom_logo_tablet_max_width":0,"ocean_custom_logo_mobile_max_width":0,"ocean_custom_logo_max_height":0,"ocean_custom_logo_tablet_max_height":0,"ocean_custom_logo_mobile_max_height":0,"ocean_header_custom_menu":"","ocean_menu_typo_font_family":"","ocean_menu_typo_font_subset":"","ocean_menu_typo_font_size":0,"ocean_menu_typo_font_size_tablet":0,"ocean_menu_typo_font_size_mobile":0,"ocean_menu_typo_font_size_unit":"px","ocean_menu_typo_font_weight":"","ocean_menu_typo_font_weight_tablet":"","ocean_menu_typo_font_weight_mobile":"","ocean_menu_typo_transform":"","ocean_menu_typo_transform_tablet":"","ocean_menu_typo_transform_mobile":"","ocean_menu_typo_line_height":0,"ocean_menu_typo_line_height_tablet":0,"ocean_menu_typo_line_height_mobile":0,"ocean_menu_typo_line_height_unit":"","ocean_menu_typo_spacing":0,"ocean_menu_typo_spacing_tablet":0,"ocean_menu_typo_spacing_mobile":0,"ocean_menu_typo_spacing_unit":"","ocean_menu_link_color":"","ocean_menu_link_color_hover":"","ocean_menu_link_color_active":"","ocean_menu_link_background":"","ocean_menu_link_hover_background":"","ocean_menu_link_active_background":"","ocean_menu_social_links_bg":"","ocean_menu_social_hover_links_bg":"","ocean_menu_social_links_color":"","ocean_menu_social_hover_links_color":"","ocean_disable_title":"default","ocean_disable_heading":"default","ocean_post_title":"","ocean_post_subheading":"","ocean_post_title_style":"","ocean_post_title_background_color":"","ocean_post_title_background":0,"ocean_post_title_bg_image_position":"","ocean_post_title_bg_image_attachment":"","ocean_post_title_bg_image_repeat":"","ocean_post_title_bg_image_size":"","ocean_post_title_height":0,"ocean_post_title_bg_overlay":0.5,"ocean_post_title_bg_overlay_color":"","ocean_disable_breadcrumbs":"default","ocean_breadcrumbs_color":"","ocean_breadcrumbs_separator_color":"","ocean_breadcrumbs_links_color":"","ocean_breadcrumbs_links_hover_color":"","ocean_display_footer_widgets":"default","ocean_display_footer_bottom":"default","ocean_custom_footer_template":""},"product_brand":[],"product_cat":[311],"product_tag":[320],"class_list":{"0":"post-9438","1":"product","2":"type-product","3":"status-publish","4":"has-post-thumbnail","6":"product_cat-vila","7":"product_tag-prodaja-kuca-i-vila","8":"pa_broj-kupaonica-2-2","9":"pa_broj-spavacih-soba-53","10":"pa_cijena-920-000","11":"pa_kvadratura-449","12":"pa_mjesto-vodnjan","13":"pa_stanje-objekta-novogradnja","14":"pa_vrsta-objave-prodaja","16":"entry","17":"has-media","19":"first","20":"instock","21":"shipping-taxable","22":"product-type-simple","23":"has-product-nav","24":"col","25":"span_1_of_3","26":"owp-content-center","27":"owp-thumbs-layout-horizontal","28":"owp-btn-normal","29":"owp-tabs-layout-horizontal"},"acf":[],"jetpack_sharing_enabled":true,"_links":{"self":[{"href":"https:\/\/charta-nekretnine.hr\/en\/wp-json\/wp\/v2\/product\/9438","targetHints":{"allow":["GET"]}}],"collection":[{"href":"https:\/\/charta-nekretnine.hr\/en\/wp-json\/wp\/v2\/product"}],"about":[{"href":"https:\/\/charta-nekretnine.hr\/en\/wp-json\/wp\/v2\/types\/product"}],"wp:featuredmedia":[{"embeddable":true,"href":"https:\/\/charta-nekretnine.hr\/en\/wp-json\/wp\/v2\/media\/9444"}],"wp:attachment":[{"href":"https:\/\/charta-nekretnine.hr\/en\/wp-json\/wp\/v2\/media?parent=9438"}],"wp:term":[{"taxonomy":"product_brand","embeddable":true,"href":"https:\/\/charta-nekretnine.hr\/en\/wp-json\/wp\/v2\/product_brand?post=9438"},{"taxonomy":"product_cat","embeddable":true,"href":"https:\/\/charta-nekretnine.hr\/en\/wp-json\/wp\/v2\/product_cat?post=9438"},{"taxonomy":"product_tag","embeddable":true,"href":"https:\/\/charta-nekretnine.hr\/en\/wp-json\/wp\/v2\/product_tag?post=9438"}],"curies":[{"name":"wp","href":"https:\/\/api.w.org\/{rel}","templated":true}]}}